{"id":2852,"date":"2023-03-07T18:07:00","date_gmt":"2023-03-07T18:07:00","guid":{"rendered":"https:\/\/vedaroma.com\/us\/?post_type=product&#038;p=2852"},"modified":"2025-08-26T15:30:18","modified_gmt":"2025-08-26T14:30:18","slug":"brahmi-eau-de-fraicheur-100-ml","status":"publish","type":"product","link":"https:\/\/vedaroma.com\/us\/product\/brahmi-eau-de-fraicheur-100-ml\/","title":{"rendered":"Brahmi Eau de fraicheur (100 ml)"},"content":{"rendered":"<p><strong>EcoControl and NATRUE certified organic cosmetics..<\/strong><\/p>\n<p><span style=\"font-size: small;\">100 ml spray bottle boxed with Kalash card in four languages.<\/span><\/p>\n<p><strong>Die Morgensonne erwacht \u00fcber einem bl\u00fchenden Orangenhain \u2013 <\/strong>Die Frische \u00a0italienischer \u00a0Bitter-Orangen angereichert mit der luxuri\u00f6sen S\u00fc\u00dfe von Tuberose, mit einem sanften Hauch von Weihrauch<strong> \u2013 <\/strong>ein Jungbrunnen. 100 ml Spr\u00fchflasche zusammen verpackt mit \u00a0einer Kalash Karte in vier Sprachen.<\/p>\n<p><strong>Le soleil levant sur une orangeraie en fleurs \u2013 <\/strong>La fra\u00eecheur de l&#8217;orange am\u00e8re italienne \u00a0rehauss\u00e9e de la douceur riche et \u00e9l\u00e9gante de la tub\u00e9reuse et d&#8217;une touche l\u00e9g\u00e8re \u00a0et apaisante d&#8217;encens, pour une \u00e9ternelle jeunesse. Vaporisateur 100 ml dans une boite avec la carte Kalash en quatre langues.<\/p>\n<p><strong>El sol sale por la ma\u00f1ana sobre un naranjal en flor<strong><strong><strong>\u2013<\/strong><\/strong><\/strong><\/strong>La frescura de la naranja \u00a0amarga italiana realzada por el rico y lujoso dulzor de la tuberosa, con un suave toque bals\u00e1mico de ol\u00e2\u00adbano: siempre joven. Vaporizador 100 ml en una caja con la tarjeta Kalash en cuatro idiomas.<\/p>\n<p class=\"western\" lang=\"it-CH\"><strong>Alba, cosparsa di aranci in fiore \u2013 <\/strong>La freschezza dell&#8217;Arancia Amara italiana, unita con la ricchezza e la lussuosa dolcezza di Tuberose, con un tocco leggerissimo in Incenso sempre giovane. Spray 100 ml in una scatola con la mappa Kalash in quattro lingue.<\/p>\n<div style=\"color: #0070ff;\">Natural fragrances, according to AyurVeda, the ancient Science of Life, bring Saubhagya\u2014good luck; Kanti\u2014beauty; Balam\u2014strength, as well as happiness and bliss. Vedic Aroma fragrances and cosmetics\u2014it\u2019s a feeling of living in Heaven.<\/div>\n","protected":false},"excerpt":{"rendered":"<p class=\"Normal\">Rare and Exquisite 100% Natural<\/p>\n<p><strong>Morning Sun Rises Over an Orange Grove in Bloom\u2014<\/strong>The freshness of Italian Bitter Orange is enhanced by the rich, luxurious sweetness of Tuberose with a soft, soothing touch of Frankincense<strong>\u2014<\/strong>Forever young. 100 ml spray bottle boxed with Kalash card in four languages.<\/p>\n<p style=\"color: #4c7736;\">Organic Certification by NATRUE<\/p>\n<p class=\"Normal tidy con\"><span class=\"left\"><a href=\"https:\/\/vedicaroma.com\/eco-certification\/#natrue\"><img decoding=\"async\" title=\"natrue-certificate-logo\" src=\"\/vedaroma.com\/media\/images\/natrue-logo-50.jpg\" alt=\"Natrue Certificate Logo\" \/><\/a><\/span><span class=\"left\">Natural with Organic Portion<\/span><\/p>\n","protected":false},"featured_media":2605,"comment_status":"open","ping_status":"closed","template":"","meta":{"inline_featured_image":false},"product_brand":[],"product_cat":[163,159,160,161],"product_tag":[143],"class_list":{"0":"post-2852","1":"product","2":"type-product","3":"status-publish","4":"has-post-thumbnail","6":"product_cat-eau-de-fraicheur","7":"product_cat-perfumes","8":"product_cat-royal-collection-for-women","9":"product_cat-royal-collection","10":"product_tag-100-ml","12":"first","13":"instock","14":"taxable","15":"shipping-taxable","16":"purchasable","17":"product-type-simple"},"acf":[],"yoast_head":"<!-- This site is optimized with the Yoast SEO plugin v27.4 - https:\/\/yoast.com\/product\/yoast-seo-wordpress\/ -->\n<title>Brahmi Eau de fraicheur (100 ml) - VedAroma US<\/title>\n<meta name=\"robots\" content=\"index, follow, max-snippet:-1, max-image-preview:large, max-video-preview:-1\" \/>\n<link rel=\"canonical\" href=\"https:\/\/vedaroma.com\/us\/product\/brahmi-eau-de-fraicheur-100-ml\/\" \/>\n<meta property=\"og:locale\" content=\"en_GB\" \/>\n<meta property=\"og:type\" content=\"article\" \/>\n<meta property=\"og:title\" content=\"Brahmi Eau de fraicheur (100 ml) - VedAroma US\" \/>\n<meta property=\"og:description\" content=\"Rare and Exquisite 100% Natural Morning Sun Rises Over an Orange Grove in Bloom\u2014The freshness of Italian Bitter Orange is enhanced by the rich, luxurious sweetness of Tuberose with a soft, soothing touch of Frankincense\u2014Forever young. 100 ml spray bottle boxed with Kalash card in four languages. Organic Certification by NATRUE Natural with Organic Portion\" \/>\n<meta property=\"og:url\" content=\"https:\/\/vedaroma.com\/us\/product\/brahmi-eau-de-fraicheur-100-ml\/\" \/>\n<meta property=\"og:site_name\" content=\"VedAroma US\" \/>\n<meta property=\"article:modified_time\" content=\"2025-08-26T14:30:18+00:00\" \/>\n<meta property=\"og:image\" content=\"https:\/\/vedaroma.com\/us\/wp-content\/uploads\/2024\/12\/brahmi-100ml-eau-de-fraicheur-royal-collection-1_1.jpg\" \/>\n\t<meta property=\"og:image:width\" content=\"1000\" \/>\n\t<meta property=\"og:image:height\" content=\"1000\" \/>\n\t<meta property=\"og:image:type\" content=\"image\/jpeg\" \/>\n<meta name=\"twitter:card\" content=\"summary_large_image\" \/>\n<meta name=\"twitter:label1\" content=\"Estimated reading time\" \/>\n\t<meta name=\"twitter:data1\" content=\"2 minutes\" \/>\n<script type=\"application\/ld+json\" class=\"yoast-schema-graph\">{\"@context\":\"https:\\\/\\\/schema.org\",\"@graph\":[{\"@type\":\"WebPage\",\"@id\":\"https:\\\/\\\/vedaroma.com\\\/us\\\/product\\\/brahmi-eau-de-fraicheur-100-ml\\\/\",\"url\":\"https:\\\/\\\/vedaroma.com\\\/us\\\/product\\\/brahmi-eau-de-fraicheur-100-ml\\\/\",\"name\":\"Brahmi Eau de fraicheur (100 ml) - VedAroma US\",\"isPartOf\":{\"@id\":\"https:\\\/\\\/vedaroma.com\\\/us\\\/#website\"},\"primaryImageOfPage\":{\"@id\":\"https:\\\/\\\/vedaroma.com\\\/us\\\/product\\\/brahmi-eau-de-fraicheur-100-ml\\\/#primaryimage\"},\"image\":{\"@id\":\"https:\\\/\\\/vedaroma.com\\\/us\\\/product\\\/brahmi-eau-de-fraicheur-100-ml\\\/#primaryimage\"},\"thumbnailUrl\":\"https:\\\/\\\/vedaroma.com\\\/us\\\/wp-content\\\/uploads\\\/2024\\\/12\\\/brahmi-100ml-eau-de-fraicheur-royal-collection-1_1.jpg\",\"datePublished\":\"2023-03-07T18:07:00+00:00\",\"dateModified\":\"2025-08-26T14:30:18+00:00\",\"breadcrumb\":{\"@id\":\"https:\\\/\\\/vedaroma.com\\\/us\\\/product\\\/brahmi-eau-de-fraicheur-100-ml\\\/#breadcrumb\"},\"inLanguage\":\"en-GB\",\"potentialAction\":[{\"@type\":\"ReadAction\",\"target\":[\"https:\\\/\\\/vedaroma.com\\\/us\\\/product\\\/brahmi-eau-de-fraicheur-100-ml\\\/\"]}]},{\"@type\":\"ImageObject\",\"inLanguage\":\"en-GB\",\"@id\":\"https:\\\/\\\/vedaroma.com\\\/us\\\/product\\\/brahmi-eau-de-fraicheur-100-ml\\\/#primaryimage\",\"url\":\"https:\\\/\\\/vedaroma.com\\\/us\\\/wp-content\\\/uploads\\\/2024\\\/12\\\/brahmi-100ml-eau-de-fraicheur-royal-collection-1_1.jpg\",\"contentUrl\":\"https:\\\/\\\/vedaroma.com\\\/us\\\/wp-content\\\/uploads\\\/2024\\\/12\\\/brahmi-100ml-eau-de-fraicheur-royal-collection-1_1.jpg\",\"width\":1000,\"height\":1000},{\"@type\":\"BreadcrumbList\",\"@id\":\"https:\\\/\\\/vedaroma.com\\\/us\\\/product\\\/brahmi-eau-de-fraicheur-100-ml\\\/#breadcrumb\",\"itemListElement\":[{\"@type\":\"ListItem\",\"position\":1,\"name\":\"Home\",\"item\":\"https:\\\/\\\/vedaroma.com\\\/us\\\/\"},{\"@type\":\"ListItem\",\"position\":2,\"name\":\"Shop\",\"item\":\"https:\\\/\\\/vedaroma.com\\\/us\\\/shop\\\/\"},{\"@type\":\"ListItem\",\"position\":3,\"name\":\"Brahmi Eau de fraicheur (100 ml)\"}]},{\"@type\":\"WebSite\",\"@id\":\"https:\\\/\\\/vedaroma.com\\\/us\\\/#website\",\"url\":\"https:\\\/\\\/vedaroma.com\\\/us\\\/\",\"name\":\"VedAroma US\",\"description\":\"\",\"potentialAction\":[{\"@type\":\"SearchAction\",\"target\":{\"@type\":\"EntryPoint\",\"urlTemplate\":\"https:\\\/\\\/vedaroma.com\\\/us\\\/?s={search_term_string}\"},\"query-input\":{\"@type\":\"PropertyValueSpecification\",\"valueRequired\":true,\"valueName\":\"search_term_string\"}}],\"inLanguage\":\"en-GB\"}]}<\/script>\n<!-- \/ Yoast SEO plugin. -->","yoast_head_json":{"title":"Brahmi Eau de fraicheur (100 ml) - VedAroma US","robots":{"index":"index","follow":"follow","max-snippet":"max-snippet:-1","max-image-preview":"max-image-preview:large","max-video-preview":"max-video-preview:-1"},"canonical":"https:\/\/vedaroma.com\/us\/product\/brahmi-eau-de-fraicheur-100-ml\/","og_locale":"en_GB","og_type":"article","og_title":"Brahmi Eau de fraicheur (100 ml) - VedAroma US","og_description":"Rare and Exquisite 100% Natural Morning Sun Rises Over an Orange Grove in Bloom\u2014The freshness of Italian Bitter Orange is enhanced by the rich, luxurious sweetness of Tuberose with a soft, soothing touch of Frankincense\u2014Forever young. 100 ml spray bottle boxed with Kalash card in four languages. Organic Certification by NATRUE Natural with Organic Portion","og_url":"https:\/\/vedaroma.com\/us\/product\/brahmi-eau-de-fraicheur-100-ml\/","og_site_name":"VedAroma US","article_modified_time":"2025-08-26T14:30:18+00:00","og_image":[{"width":1000,"height":1000,"url":"https:\/\/vedaroma.com\/us\/wp-content\/uploads\/2024\/12\/brahmi-100ml-eau-de-fraicheur-royal-collection-1_1.jpg","type":"image\/jpeg"}],"twitter_card":"summary_large_image","twitter_misc":{"Estimated reading time":"2 minutes"},"schema":{"@context":"https:\/\/schema.org","@graph":[{"@type":"WebPage","@id":"https:\/\/vedaroma.com\/us\/product\/brahmi-eau-de-fraicheur-100-ml\/","url":"https:\/\/vedaroma.com\/us\/product\/brahmi-eau-de-fraicheur-100-ml\/","name":"Brahmi Eau de fraicheur (100 ml) - VedAroma US","isPartOf":{"@id":"https:\/\/vedaroma.com\/us\/#website"},"primaryImageOfPage":{"@id":"https:\/\/vedaroma.com\/us\/product\/brahmi-eau-de-fraicheur-100-ml\/#primaryimage"},"image":{"@id":"https:\/\/vedaroma.com\/us\/product\/brahmi-eau-de-fraicheur-100-ml\/#primaryimage"},"thumbnailUrl":"https:\/\/vedaroma.com\/us\/wp-content\/uploads\/2024\/12\/brahmi-100ml-eau-de-fraicheur-royal-collection-1_1.jpg","datePublished":"2023-03-07T18:07:00+00:00","dateModified":"2025-08-26T14:30:18+00:00","breadcrumb":{"@id":"https:\/\/vedaroma.com\/us\/product\/brahmi-eau-de-fraicheur-100-ml\/#breadcrumb"},"inLanguage":"en-GB","potentialAction":[{"@type":"ReadAction","target":["https:\/\/vedaroma.com\/us\/product\/brahmi-eau-de-fraicheur-100-ml\/"]}]},{"@type":"ImageObject","inLanguage":"en-GB","@id":"https:\/\/vedaroma.com\/us\/product\/brahmi-eau-de-fraicheur-100-ml\/#primaryimage","url":"https:\/\/vedaroma.com\/us\/wp-content\/uploads\/2024\/12\/brahmi-100ml-eau-de-fraicheur-royal-collection-1_1.jpg","contentUrl":"https:\/\/vedaroma.com\/us\/wp-content\/uploads\/2024\/12\/brahmi-100ml-eau-de-fraicheur-royal-collection-1_1.jpg","width":1000,"height":1000},{"@type":"BreadcrumbList","@id":"https:\/\/vedaroma.com\/us\/product\/brahmi-eau-de-fraicheur-100-ml\/#breadcrumb","itemListElement":[{"@type":"ListItem","position":1,"name":"Home","item":"https:\/\/vedaroma.com\/us\/"},{"@type":"ListItem","position":2,"name":"Shop","item":"https:\/\/vedaroma.com\/us\/shop\/"},{"@type":"ListItem","position":3,"name":"Brahmi Eau de fraicheur (100 ml)"}]},{"@type":"WebSite","@id":"https:\/\/vedaroma.com\/us\/#website","url":"https:\/\/vedaroma.com\/us\/","name":"VedAroma US","description":"","potentialAction":[{"@type":"SearchAction","target":{"@type":"EntryPoint","urlTemplate":"https:\/\/vedaroma.com\/us\/?s={search_term_string}"},"query-input":{"@type":"PropertyValueSpecification","valueRequired":true,"valueName":"search_term_string"}}],"inLanguage":"en-GB"}]}},"_links":{"self":[{"href":"https:\/\/vedaroma.com\/us\/wp-json\/wp\/v2\/product\/2852","targetHints":{"allow":["GET"]}}],"collection":[{"href":"https:\/\/vedaroma.com\/us\/wp-json\/wp\/v2\/product"}],"about":[{"href":"https:\/\/vedaroma.com\/us\/wp-json\/wp\/v2\/types\/product"}],"replies":[{"embeddable":true,"href":"https:\/\/vedaroma.com\/us\/wp-json\/wp\/v2\/comments?post=2852"}],"wp:featuredmedia":[{"embeddable":true,"href":"https:\/\/vedaroma.com\/us\/wp-json\/wp\/v2\/media\/2605"}],"wp:attachment":[{"href":"https:\/\/vedaroma.com\/us\/wp-json\/wp\/v2\/media?parent=2852"}],"wp:term":[{"taxonomy":"product_brand","embeddable":true,"href":"https:\/\/vedaroma.com\/us\/wp-json\/wp\/v2\/product_brand?post=2852"},{"taxonomy":"product_cat","embeddable":true,"href":"https:\/\/vedaroma.com\/us\/wp-json\/wp\/v2\/product_cat?post=2852"},{"taxonomy":"product_tag","embeddable":true,"href":"https:\/\/vedaroma.com\/us\/wp-json\/wp\/v2\/product_tag?post=2852"}],"curies":[{"name":"wp","href":"https:\/\/api.w.org\/{rel}","templated":true}]}}