{"id":2850,"date":"2023-03-07T18:07:00","date_gmt":"2023-03-07T18:07:00","guid":{"rendered":"https:\/\/vedaroma.com\/us\/?post_type=product&#038;p=2850"},"modified":"2025-08-26T15:31:22","modified_gmt":"2025-08-26T14:31:22","slug":"mansarovar-eau-de-cologne-100-ml","status":"publish","type":"product","link":"https:\/\/vedaroma.com\/us\/product\/mansarovar-eau-de-cologne-100-ml\/","title":{"rendered":"Mansarovar Eau de cologne (100 ml)"},"content":{"rendered":"<p><strong>EcoControl and NATRUE certified organic cosmetics.<\/strong><\/p>\n<p>100 ml spray bottle boxed with Kalash card in four languages.<\/p>\n<p><strong>L\u00e4sst Sie ganz Sie selbst sein <\/strong>\u2013 Mandarinen rot und gr\u00fcn, Limone, Bergamotte, das Aroma von Veilchenbl\u00e4ttern, \u00a0und die Frische von Minze und Lavendel, von dem markant reichen Ton von Vetivergras \u00a0und Iriswurzel durchdrungen \u2013 l\u00e4sst Sie ganz Sie selbst sein.<\/p>\n<p><strong>Se sentir \u00e2 l&#8217;aise avec soi-m\u00e2\u00aame <\/strong>\u2013 De la mandarine rouge et verte, du citron vert, de la bergamote, des feuilles de \u00a0violette odorantes, de la menthe poivr\u00e9e stimulante et de la lavande aspic fra\u00eeche, tous \u00a0p\u00e9n\u00e9tr\u00e9s d&#8217;une note riche et originale de v\u00e9tiver et de racine d&#8217;iris, pour se sentir \u00a0simplement \u00a0\u00e2\u00a0 l&#8217;aise avec soi-m\u00e2\u00aame.<\/p>\n<p><strong>Sentirse a gusto con uno mismo\u2013<\/strong>Mandarina roja y verde, lima, bergamota, el aroma de hoja de violeta y la frescura \u00a0de la menta y la alhucema, todas ellas impregnadas del inconfundible vetiver y la ra\u00e2\u00adz de \u00a0iris: para sentirse a gusto con uno mismo.<\/p>\n<div style=\"color: #0070ff;\">Natural fragrances, according to AyurVeda, the ancient Science of Life, bring Saubhagya\u2014good luck; Kanti\u2014beauty; Balam\u2014strength, as well as happiness and bliss. Vedic Aroma fragrances and cosmetics\u2014it\u2019s a feeling of living in Heaven.<\/div>\n","protected":false},"excerpt":{"rendered":"<p class=\"Normal\">Rare and Exquisite 100% Natural<\/p>\n<p><strong>Just Being at Home with Oneself\u2014<\/strong>Mandarin Red and Green, Lime, Bergamot, the aroma of Violet Leaf, and the freshness of Peppermint and Spike Lavender, all this being permeated by the distinctive, rich tone of Vetiver and Iris Root. 100 ml spray bottle boxed with Kalash card in four languages.<\/p>\n<p style=\"color: #4c7736;\">Organic Certification by NATRUE<\/p>\n<p class=\"Normal tidy con\"><span class=\"left\"><a href=\"https:\/\/vedicaroma.com\/eco-certification\/#natrue\"><img decoding=\"async\" title=\"natrue-certificate-logo\" src=\"\/vedaroma.com\/media\/images\/natrue-logo-50.jpg\" alt=\"Natrue Certificate Logo\" \/><\/a><\/span><span class=\"left\">Natural with Organic Portion<\/span><\/p>\n","protected":false},"featured_media":2601,"comment_status":"open","ping_status":"closed","template":"","meta":{"inline_featured_image":false},"product_brand":[],"product_cat":[159,161,164,165],"product_tag":[143],"class_list":{"0":"post-2850","1":"product","2":"type-product","3":"status-publish","4":"has-post-thumbnail","6":"product_cat-perfumes","7":"product_cat-royal-collection","8":"product_cat-royal-collection-for-men","9":"product_cat-eau-de-cologne","10":"product_tag-100-ml","12":"first","13":"instock","14":"taxable","15":"shipping-taxable","16":"purchasable","17":"product-type-simple"},"acf":[],"yoast_head":"<!-- This site is optimized with the Yoast SEO plugin v27.4 - https:\/\/yoast.com\/product\/yoast-seo-wordpress\/ -->\n<title>Mansarovar Eau de cologne (100 ml) - VedAroma US<\/title>\n<meta name=\"robots\" content=\"index, follow, max-snippet:-1, max-image-preview:large, max-video-preview:-1\" \/>\n<link rel=\"canonical\" href=\"https:\/\/vedaroma.com\/us\/product\/mansarovar-eau-de-cologne-100-ml\/\" \/>\n<meta property=\"og:locale\" content=\"en_GB\" \/>\n<meta property=\"og:type\" content=\"article\" \/>\n<meta property=\"og:title\" content=\"Mansarovar Eau de cologne (100 ml) - VedAroma US\" \/>\n<meta property=\"og:description\" content=\"Rare and Exquisite 100% Natural Just Being at Home with Oneself\u2014Mandarin Red and Green, Lime, Bergamot, the aroma of Violet Leaf, and the freshness of Peppermint and Spike Lavender, all this being permeated by the distinctive, rich tone of Vetiver and Iris Root. 100 ml spray bottle boxed with Kalash card in four languages. Organic Certification by NATRUE Natural with Organic Portion\" \/>\n<meta property=\"og:url\" content=\"https:\/\/vedaroma.com\/us\/product\/mansarovar-eau-de-cologne-100-ml\/\" \/>\n<meta property=\"og:site_name\" content=\"VedAroma US\" \/>\n<meta property=\"article:modified_time\" content=\"2025-08-26T14:31:22+00:00\" \/>\n<meta property=\"og:image\" content=\"https:\/\/vedaroma.com\/us\/wp-content\/uploads\/2024\/12\/mansarovar-100ml-eau-de-cologne-royal-collection-1_1.jpg\" \/>\n\t<meta property=\"og:image:width\" content=\"1000\" \/>\n\t<meta property=\"og:image:height\" content=\"1000\" \/>\n\t<meta property=\"og:image:type\" content=\"image\/jpeg\" \/>\n<meta name=\"twitter:card\" content=\"summary_large_image\" \/>\n<meta name=\"twitter:label1\" content=\"Estimated reading time\" \/>\n\t<meta name=\"twitter:data1\" content=\"2 minutes\" \/>\n<script type=\"application\/ld+json\" class=\"yoast-schema-graph\">{\"@context\":\"https:\\\/\\\/schema.org\",\"@graph\":[{\"@type\":\"WebPage\",\"@id\":\"https:\\\/\\\/vedaroma.com\\\/us\\\/product\\\/mansarovar-eau-de-cologne-100-ml\\\/\",\"url\":\"https:\\\/\\\/vedaroma.com\\\/us\\\/product\\\/mansarovar-eau-de-cologne-100-ml\\\/\",\"name\":\"Mansarovar Eau de cologne (100 ml) - VedAroma US\",\"isPartOf\":{\"@id\":\"https:\\\/\\\/vedaroma.com\\\/us\\\/#website\"},\"primaryImageOfPage\":{\"@id\":\"https:\\\/\\\/vedaroma.com\\\/us\\\/product\\\/mansarovar-eau-de-cologne-100-ml\\\/#primaryimage\"},\"image\":{\"@id\":\"https:\\\/\\\/vedaroma.com\\\/us\\\/product\\\/mansarovar-eau-de-cologne-100-ml\\\/#primaryimage\"},\"thumbnailUrl\":\"https:\\\/\\\/vedaroma.com\\\/us\\\/wp-content\\\/uploads\\\/2024\\\/12\\\/mansarovar-100ml-eau-de-cologne-royal-collection-1_1.jpg\",\"datePublished\":\"2023-03-07T18:07:00+00:00\",\"dateModified\":\"2025-08-26T14:31:22+00:00\",\"breadcrumb\":{\"@id\":\"https:\\\/\\\/vedaroma.com\\\/us\\\/product\\\/mansarovar-eau-de-cologne-100-ml\\\/#breadcrumb\"},\"inLanguage\":\"en-GB\",\"potentialAction\":[{\"@type\":\"ReadAction\",\"target\":[\"https:\\\/\\\/vedaroma.com\\\/us\\\/product\\\/mansarovar-eau-de-cologne-100-ml\\\/\"]}]},{\"@type\":\"ImageObject\",\"inLanguage\":\"en-GB\",\"@id\":\"https:\\\/\\\/vedaroma.com\\\/us\\\/product\\\/mansarovar-eau-de-cologne-100-ml\\\/#primaryimage\",\"url\":\"https:\\\/\\\/vedaroma.com\\\/us\\\/wp-content\\\/uploads\\\/2024\\\/12\\\/mansarovar-100ml-eau-de-cologne-royal-collection-1_1.jpg\",\"contentUrl\":\"https:\\\/\\\/vedaroma.com\\\/us\\\/wp-content\\\/uploads\\\/2024\\\/12\\\/mansarovar-100ml-eau-de-cologne-royal-collection-1_1.jpg\",\"width\":1000,\"height\":1000},{\"@type\":\"BreadcrumbList\",\"@id\":\"https:\\\/\\\/vedaroma.com\\\/us\\\/product\\\/mansarovar-eau-de-cologne-100-ml\\\/#breadcrumb\",\"itemListElement\":[{\"@type\":\"ListItem\",\"position\":1,\"name\":\"Home\",\"item\":\"https:\\\/\\\/vedaroma.com\\\/us\\\/\"},{\"@type\":\"ListItem\",\"position\":2,\"name\":\"Shop\",\"item\":\"https:\\\/\\\/vedaroma.com\\\/us\\\/shop\\\/\"},{\"@type\":\"ListItem\",\"position\":3,\"name\":\"Mansarovar Eau de cologne (100 ml)\"}]},{\"@type\":\"WebSite\",\"@id\":\"https:\\\/\\\/vedaroma.com\\\/us\\\/#website\",\"url\":\"https:\\\/\\\/vedaroma.com\\\/us\\\/\",\"name\":\"VedAroma US\",\"description\":\"\",\"potentialAction\":[{\"@type\":\"SearchAction\",\"target\":{\"@type\":\"EntryPoint\",\"urlTemplate\":\"https:\\\/\\\/vedaroma.com\\\/us\\\/?s={search_term_string}\"},\"query-input\":{\"@type\":\"PropertyValueSpecification\",\"valueRequired\":true,\"valueName\":\"search_term_string\"}}],\"inLanguage\":\"en-GB\"}]}<\/script>\n<!-- \/ Yoast SEO plugin. -->","yoast_head_json":{"title":"Mansarovar Eau de cologne (100 ml) - VedAroma US","robots":{"index":"index","follow":"follow","max-snippet":"max-snippet:-1","max-image-preview":"max-image-preview:large","max-video-preview":"max-video-preview:-1"},"canonical":"https:\/\/vedaroma.com\/us\/product\/mansarovar-eau-de-cologne-100-ml\/","og_locale":"en_GB","og_type":"article","og_title":"Mansarovar Eau de cologne (100 ml) - VedAroma US","og_description":"Rare and Exquisite 100% Natural Just Being at Home with Oneself\u2014Mandarin Red and Green, Lime, Bergamot, the aroma of Violet Leaf, and the freshness of Peppermint and Spike Lavender, all this being permeated by the distinctive, rich tone of Vetiver and Iris Root. 100 ml spray bottle boxed with Kalash card in four languages. Organic Certification by NATRUE Natural with Organic Portion","og_url":"https:\/\/vedaroma.com\/us\/product\/mansarovar-eau-de-cologne-100-ml\/","og_site_name":"VedAroma US","article_modified_time":"2025-08-26T14:31:22+00:00","og_image":[{"width":1000,"height":1000,"url":"https:\/\/vedaroma.com\/us\/wp-content\/uploads\/2024\/12\/mansarovar-100ml-eau-de-cologne-royal-collection-1_1.jpg","type":"image\/jpeg"}],"twitter_card":"summary_large_image","twitter_misc":{"Estimated reading time":"2 minutes"},"schema":{"@context":"https:\/\/schema.org","@graph":[{"@type":"WebPage","@id":"https:\/\/vedaroma.com\/us\/product\/mansarovar-eau-de-cologne-100-ml\/","url":"https:\/\/vedaroma.com\/us\/product\/mansarovar-eau-de-cologne-100-ml\/","name":"Mansarovar Eau de cologne (100 ml) - VedAroma US","isPartOf":{"@id":"https:\/\/vedaroma.com\/us\/#website"},"primaryImageOfPage":{"@id":"https:\/\/vedaroma.com\/us\/product\/mansarovar-eau-de-cologne-100-ml\/#primaryimage"},"image":{"@id":"https:\/\/vedaroma.com\/us\/product\/mansarovar-eau-de-cologne-100-ml\/#primaryimage"},"thumbnailUrl":"https:\/\/vedaroma.com\/us\/wp-content\/uploads\/2024\/12\/mansarovar-100ml-eau-de-cologne-royal-collection-1_1.jpg","datePublished":"2023-03-07T18:07:00+00:00","dateModified":"2025-08-26T14:31:22+00:00","breadcrumb":{"@id":"https:\/\/vedaroma.com\/us\/product\/mansarovar-eau-de-cologne-100-ml\/#breadcrumb"},"inLanguage":"en-GB","potentialAction":[{"@type":"ReadAction","target":["https:\/\/vedaroma.com\/us\/product\/mansarovar-eau-de-cologne-100-ml\/"]}]},{"@type":"ImageObject","inLanguage":"en-GB","@id":"https:\/\/vedaroma.com\/us\/product\/mansarovar-eau-de-cologne-100-ml\/#primaryimage","url":"https:\/\/vedaroma.com\/us\/wp-content\/uploads\/2024\/12\/mansarovar-100ml-eau-de-cologne-royal-collection-1_1.jpg","contentUrl":"https:\/\/vedaroma.com\/us\/wp-content\/uploads\/2024\/12\/mansarovar-100ml-eau-de-cologne-royal-collection-1_1.jpg","width":1000,"height":1000},{"@type":"BreadcrumbList","@id":"https:\/\/vedaroma.com\/us\/product\/mansarovar-eau-de-cologne-100-ml\/#breadcrumb","itemListElement":[{"@type":"ListItem","position":1,"name":"Home","item":"https:\/\/vedaroma.com\/us\/"},{"@type":"ListItem","position":2,"name":"Shop","item":"https:\/\/vedaroma.com\/us\/shop\/"},{"@type":"ListItem","position":3,"name":"Mansarovar Eau de cologne (100 ml)"}]},{"@type":"WebSite","@id":"https:\/\/vedaroma.com\/us\/#website","url":"https:\/\/vedaroma.com\/us\/","name":"VedAroma US","description":"","potentialAction":[{"@type":"SearchAction","target":{"@type":"EntryPoint","urlTemplate":"https:\/\/vedaroma.com\/us\/?s={search_term_string}"},"query-input":{"@type":"PropertyValueSpecification","valueRequired":true,"valueName":"search_term_string"}}],"inLanguage":"en-GB"}]}},"_links":{"self":[{"href":"https:\/\/vedaroma.com\/us\/wp-json\/wp\/v2\/product\/2850","targetHints":{"allow":["GET"]}}],"collection":[{"href":"https:\/\/vedaroma.com\/us\/wp-json\/wp\/v2\/product"}],"about":[{"href":"https:\/\/vedaroma.com\/us\/wp-json\/wp\/v2\/types\/product"}],"replies":[{"embeddable":true,"href":"https:\/\/vedaroma.com\/us\/wp-json\/wp\/v2\/comments?post=2850"}],"wp:featuredmedia":[{"embeddable":true,"href":"https:\/\/vedaroma.com\/us\/wp-json\/wp\/v2\/media\/2601"}],"wp:attachment":[{"href":"https:\/\/vedaroma.com\/us\/wp-json\/wp\/v2\/media?parent=2850"}],"wp:term":[{"taxonomy":"product_brand","embeddable":true,"href":"https:\/\/vedaroma.com\/us\/wp-json\/wp\/v2\/product_brand?post=2850"},{"taxonomy":"product_cat","embeddable":true,"href":"https:\/\/vedaroma.com\/us\/wp-json\/wp\/v2\/product_cat?post=2850"},{"taxonomy":"product_tag","embeddable":true,"href":"https:\/\/vedaroma.com\/us\/wp-json\/wp\/v2\/product_tag?post=2850"}],"curies":[{"name":"wp","href":"https:\/\/api.w.org\/{rel}","templated":true}]}}